{"id":3,"date":"2024-08-20T13:58:32","date_gmt":"2024-08-20T11:58:32","guid":{"rendered":"https:\/\/black-artist.com\/?page_id=3"},"modified":"2024-08-25T10:08:29","modified_gmt":"2024-08-25T08:08:29","slug":"adatkezelesi-tajekoztato","status":"publish","type":"page","link":"https:\/\/black-artist.com\/en\/adatkezelesi-tajekoztato\/","title":{"rendered":"Privacy Policy"},"content":{"rendered":"<div data-elementor-type=\"wp-page\" data-elementor-id=\"3\" class=\"elementor elementor-3\" data-elementor-post-type=\"page\">\n\t\t\t\t<div class=\"elementor-element elementor-element-28a7255f e-flex e-con-boxed e-con e-parent\" data-id=\"28a7255f\" data-element_type=\"container\">\n\t\t\t\t\t<div class=\"e-con-inner\">\n\t\t\t\t<div class=\"elementor-element elementor-element-664452a elementor-widget elementor-widget-heading\" data-id=\"664452a\" data-element_type=\"widget\" data-widget_type=\"heading.default\">\n\t\t\t\t<div class=\"elementor-widget-container\">\n\t\t\t<style>\/*! elementor - v3.23.0 - 05-08-2024 *\/\n.elementor-heading-title{padding:0;margin:0;line-height:1}.elementor-widget-heading .elementor-heading-title[class*=elementor-size-]>a{color:inherit;font-size:inherit;line-height:inherit}.elementor-widget-heading .elementor-heading-title.elementor-size-small{font-size:15px}.elementor-widget-heading .elementor-heading-title.elementor-size-medium{font-size:19px}.elementor-widget-heading .elementor-heading-title.elementor-size-large{font-size:29px}.elementor-widget-heading .elementor-heading-title.elementor-size-xl{font-size:39px}.elementor-widget-heading .elementor-heading-title.elementor-size-xxl{font-size:59px}<\/style><h2 class=\"elementor-heading-title elementor-size-default\">Privacy Policy<\/h2>\t\t<\/div>\n\t\t\t\t<\/div>\n\t\t\t\t<div class=\"elementor-element elementor-element-1ca56d05 elementor-widget elementor-widget-text-editor\" data-id=\"1ca56d05\" data-element_type=\"widget\" data-widget_type=\"text-editor.default\">\n\t\t\t\t<div class=\"elementor-widget-container\">\n\t\t\t<style>\/*! elementor - v3.23.0 - 05-08-2024 *\/\n.elementor-widget-text-editor.elementor-drop-cap-view-stacked .elementor-drop-cap{background-color:#69727d;color:#fff}.elementor-widget-text-editor.elementor-drop-cap-view-framed .elementor-drop-cap{color:#69727d;border:3px solid;background-color:transparent}.elementor-widget-text-editor:not(.elementor-drop-cap-view-default) .elementor-drop-cap{margin-top:8px}.elementor-widget-text-editor:not(.elementor-drop-cap-view-default) .elementor-drop-cap-letter{width:1em;height:1em}.elementor-widget-text-editor .elementor-drop-cap{float:left;text-align:center;line-height:1;font-size:50px}.elementor-widget-text-editor .elementor-drop-cap-letter{display:inline-block}<\/style>\t\t\t\t<!-- wp:heading -->\n<p>This privacy policy outlines how we collect, use, store, and protect the personal data you provide to us while using our website. The protection of your data is of utmost importance to us, and we ensure that it is handled in accordance with applicable laws.<\/p>\n<p class=\" translation-block\">This privacy notice fulfills our obligation to provide prior information regarding the processing of personal data to data subjects, as required by the REGULATION (EU) 2016\/679 OF THE EUROPEAN PARLIAMENT AND OF THE COUNCIL, which states that all information provided under the relevant articles of the Regulation must be presented in a concise, transparent, intelligible, and easily accessible form, clearly and understandably.\nThe website https:\/\/black-artist.com is the data controller for all data that qualifies as personal data and is uploaded by customers during their visit to the WEBSHOP\/WEBSITE or while using any service of the WEBSHOP.\nPersonal data is defined as any information that relates to an identified or identifiable natural person (Customer), as well as any inference drawn from the data regarding the Customer that does not qualify as public or publicly available data. Personal data particularly includes the Customer's name, identification number, and any knowledge characteristic of one or more physical, physiological, mental, economic, cultural, or social identity.<\/p>\n<h4 class=\"wp-block-heading\"><strong>Who we are?<\/strong><\/h4>\n<!-- \/wp:heading --><!-- wp:paragraph -->\n<p>Our website address is: https:\/\/black-artist.com.<\/p>\n<h4><strong>Data Controller<\/strong><\/h4>\n<ul>\n<li><strong>Name:<\/strong> [C\u00e9g neve]<\/li>\n<li><strong>Address<\/strong> [C\u00e9g c\u00edme]<\/li>\n<li><strong>E-mail:<\/strong> [C\u00e9g e-mail c\u00edme]<\/li>\n<li><strong>Phone number:<\/strong> [C\u00e9g telefonsz\u00e1ma]<\/li>\n<\/ul>\n<p>Hosting Provider:<\/p>\n<p><strong>RACKFOREST ZRT.<\/strong><br \/>C\u00edm: 1132 Budapest,<br \/>Victor Hugo utca 11.<br \/>5. em. B05001.<br \/>Tax number: 32056842-2-41<br \/>https:\/\/rackforest.com\/<\/p>\n<h4><strong>Scope of Collected Data<\/strong><\/h4>\n<p>We may collect the following types of data about you:<\/p>\n<ul>\n<li class=\" translation-block\">Personal Data: Name, email address, phone number, etc. \u2013 which are necessary for fulfilling an order.<\/li>\n<li class=\" translation-block\">Technical Data: IP address, browser type, device type, operating system.<\/li>\n<li class=\" translation-block\">Data Collected Through Cookies and Other Tracking Technologies<\/li>\n<li class=\" translation-block\">Messages: When submitting a comment, in addition to the information provided in the comment form, the commenter's IP address and browser identifier string will be collected for the purpose of filtering out unwanted content.<\/li>\n<\/ul>\n<!-- \/wp:paragraph --><!-- wp:paragraph --><!-- \/wp:paragraph --><!-- wp:heading -->\n<h4><strong>Adatgy\u0171jt\u00e9s c\u00e9ljai<\/strong><\/h4>\n<p>Az adatokat az al\u00e1bbi c\u00e9lokra haszn\u00e1lhatjuk fel:<\/p>\n<ul>\n<li>Szolg\u00e1ltat\u00e1saink ny\u00fajt\u00e1sa \u00e9s fejleszt\u00e9se.<\/li>\n<li>\u00dcgyf\u00e9lszolg\u00e1lati t\u00e1mogat\u00e1s biztos\u00edt\u00e1sa.<\/li>\n<li>Marketing tev\u00e9kenys\u00e9gek, p\u00e9ld\u00e1ul h\u00edrlevelek k\u00fcld\u00e9se, ha ehhez \u00d6n hozz\u00e1j\u00e1rult.<\/li>\n<li>Jogszab\u00e1lyi k\u00f6telezetts\u00e9geink teljes\u00edt\u00e9se.<\/li>\n<\/ul>\n<!-- \/wp:paragraph --><!-- wp:heading -->\n<h4><strong>Cookie-kezel\u00e9s<\/strong><\/h4>\n<p>Weboldalunk cookie-kat haszn\u00e1l, amelyek seg\u00edts\u00e9g\u00e9vel jav\u00edtjuk a felhaszn\u00e1l\u00f3i \u00e9lm\u00e9nyt. A cookie-k lehetnek:<\/p>\n<p>\u00d6n b\u00e1rmikor m\u00f3dos\u00edthatja a cookie-be\u00e1ll\u00edt\u00e1sait a b\u00f6ng\u00e9sz\u0151j\u00e9ben, \u00e9s visszavonhatja a hozz\u00e1j\u00e1rul\u00e1s\u00e1t a cookie-k haszn\u00e1lat\u00e1hoz.<\/p>\n<p>Mi az a Cookie?<br \/>K\u00f6z\u00e9rthet\u0151en: A cookie egy nagyon kicsi sz\u00f6veges f\u00e1jl, amelyet az internetfelhaszn\u00e1l\u00f3 merevlemez\u00e9re helyeznek el.\u00a0Ezt egy weblapszerver \u00e1ll\u00edtja el\u0151, amely alapvet\u0151en a webhelyet \u00fczemeltet\u0151 sz\u00e1m\u00edt\u00f3g\u00e9p.\u00a0A cookie-ban l\u00e9v\u0151 inform\u00e1ci\u00f3kat a szerver \u00e1ll\u00edtja be, \u00e9s a szerver b\u00e1rmikor felhaszn\u00e1lhatja, amikor a felhaszn\u00e1l\u00f3 felkeresi az oldalt.\u00a0A cookie felfoghat\u00f3 az internetfelhaszn\u00e1l\u00f3 azonos\u00edt\u00f3 k\u00e1rty\u00e1j\u00e1nak, amely jelzi a webhelynek, amikor a felhaszn\u00e1l\u00f3 visszat\u00e9rt.<\/p>\n<p>Szolg\u00e1ltat\u00f3 \u00e1ltal alkalmazott cookie-k t\u00edpusai:<\/p>\n<p>a) analitikai cookiek: az analitikai cookie-kat statisztikai elemz\u00e9si c\u00e9lokra haszn\u00e1ljuk. Ez seg\u00edt meg\u00e9rteni, hogy a l\u00e1togat\u00f3k hogyan haszn\u00e1lj\u00e1k \u00e9s mozognak a webhely\u00fcnk\u00f6n, ami a webhely\u00fcnk fejleszt\u00e9seir\u0151l \u00e9s adapt\u00e1l\u00e1s\u00e1r\u00f3l t\u00e1j\u00e9koztat, hogy a legjobban megfeleljen l\u00e1togat\u00f3ink ig\u00e9nyeinek, p\u00e9ld\u00e1ul az\u00e1ltal, hogy a legn\u00e9pszer\u0171bb funkci\u00f3kat a legk\u00f6nnyebben megtal\u00e1lhatja \u00e9s el\u00e9rheti, vagy biztos\u00edtja, hogy webhely\u00fcnk megfelel\u0151en m\u0171k\u00f6dik a l\u00e1togat\u00f3ink \u00e1ltal haszn\u00e1lt eszk\u00f6z\u00f6k\u00f6n \u00e9s technol\u00f3gi\u00e1kon.\u00a0Ezek a cookie-k egy megk\u00fcl\u00f6nb\u00f6ztet\u0151 karaktersorozat haszn\u00e1lat\u00e1val m\u0171k\u00f6dnek, amelyb\u0151l az \u00d6n b\u00f6ng\u00e9sz\u0151je vagy eszk\u00f6ze azonos\u00edthat\u00f3 (\u201cegyedi azonos\u00edt\u00f3\u201d), amelyet p\u00e9ld\u00e1ul arra haszn\u00e1lhatunk, hogy felismerj\u00fck a webhely\u00fcnk\u00f6n tett l\u00e1togat\u00e1sa(i) d\u00e1tum\u00e1t \u00e9s id\u0151pontj\u00e1t. webhely. Analitikai cookie-jaink inform\u00e1ci\u00f3kat gy\u0171jthetnek a b\u00f6ng\u00e9sz\u0151 t\u00edpus\u00e1r\u00f3l \u00e9s be\u00e1ll\u00edt\u00e1sair\u00f3l, az eszk\u00f6z t\u00edpus\u00e1r\u00f3l \u00e9s be\u00e1ll\u00edt\u00e1sair\u00f3l, az oper\u00e1ci\u00f3s rendszerr\u0151l \u00e9s a mobilh\u00e1l\u00f3zatr\u00f3l is. Ezeket az inform\u00e1ci\u00f3kat arra haszn\u00e1ljuk, hogy megk\u00fcl\u00f6nb\u00f6ztess\u00fck \u00d6nt webhely\u00fcnk t\u00f6bbi l\u00e1togat\u00f3j\u00e1t\u00f3l, de nem haszn\u00e1lhat\u00f3k fel \u00d6n, mint megnevezett szem\u00e9ly azonos\u00edt\u00e1s\u00e1ra. Az ilyen t\u00edpus\u00fa s\u00fctiket csak akkor \u00e1ll\u00edtjuk be, ha ehhez hozz\u00e1j\u00e1rul\u00e1s\u00e1t adta az \u201e\u00d6sszes s\u00fcti enged\u00e9lyez\u00e9se\u201d lehet\u0151s\u00e9g kiv\u00e1laszt\u00e1s\u00e1val.<\/p>\n<p><br \/>b) munkamenet (session) cookie-k, amelyek csak addig m\u0171k\u00f6dnek, am\u00edg a munkamenet (\u00e1ltal\u00e1ban az adott l\u00e1togat\u00e1s a Honlapon vagy egy b\u00f6ng\u00e9sz\u0151 munkamenet tart;<br \/>c) \u00e1lland\u00f3 cookie-k: seg\u00edtenek a Felhaszn\u00e1l\u00f3t l\u00e9tez\u0151 Felhaszn\u00e1l\u00f3k\u00e9nt felismerni, \u00edgy k\u00f6nnyebb a Honlapra val\u00f3 visszat\u00e9r\u00e9s \u00fajabb bejelentkez\u00e9s n\u00e9lk\u00fcl. Miut\u00e1n a Felhaszn\u00e1l\u00f3 bejelentkezik, az \u00e1lland\u00f3 cookie a Felhaszn\u00e1l\u00f3 b\u00f6ng\u00e9sz\u0151j\u00e9ben marad \u00e9s a Honlap azt olvasni tudja, amikor a felhaszn\u00e1l\u00f3 visszat\u00e9r a Honlapra.<\/p>\n<p>d)marketing cookiek: A\u00a0<b>marketing cookie<\/b>-k a l\u00e1togat\u00f3k nyomon k\u00f6vet\u00e9s\u00e9re szolg\u00e1lnak a webhelyeken. A c\u00e9l az, hogy olyan hirdet\u00e9seket jelen\u00edtsenek meg, amelyek relev\u00e1nsak \u00e9s vonz\u00f3ak az egyes felhaszn\u00e1l\u00f3k sz\u00e1m\u00e1ra, \u00e9s ez\u00e1ltal \u00e9rt\u00e9kesebbek a megjelen\u00edt\u0151k \u00e9s a harmadik f\u00e9l hirdet\u0151k sz\u00e1m\u00e1ra. Az ilyen t\u00edpus\u00fa s\u00fctiket csak akkor \u00e1ll\u00edtjuk be, ha ehhez hozz\u00e1j\u00e1rul\u00e1s\u00e1t adta az \u201e\u00d6sszes s\u00fcti enged\u00e9lyez\u00e9se\u201d lehet\u0151s\u00e9g kiv\u00e1laszt\u00e1s\u00e1val.<\/p>\n<p>Az Adobe Flash egy m\u00e1sik technol\u00f3gia, amely a cookiek-kal egyen\u00e9rt\u00e9k\u0171 funkcionalit\u00e1ssal rendelkezik. Az Adobe Flash a Felhaszn\u00e1l\u00f3 eszk\u00f6z\u00e9n k\u00e9pes adatokat t\u00e1rolni. Nem minden b\u00f6ng\u00e9sz\u0151 teszi azonban lehet\u0151v\u00e9 az Adobe Flash cookie-k elt\u00e1vol\u00edt\u00e1s\u00e1t. A Felhaszn\u00e1l\u00f3 korl\u00e1tozhatja vagy blokkolhatja az Adobe Flash cookie-kat az Adobe honlapj\u00e1n kereszt\u00fcl. Ha a Felhaszn\u00e1l\u00f3 korl\u00e1tozza\/blokkolja ezeket, el\u0151fordulhat, hogy a Honlap n\u00e9h\u00e1ny funkci\u00f3ja nem lesz haszn\u00e1lhat\u00f3.<\/p>\n<p><strong>Harmadik szem\u00e9lyek \u00e1ltal alkalmazott cookie-k:<\/strong><\/p>\n<p>K\u00f6z\u00f6ss\u00e9gi m\u00e9dia cookiek:\u00a0Weboldalunk k\u00f6z\u00f6ss\u00e9gim\u00e9dia-b\u0151v\u00edtm\u00e9nyeit \u00fagy konfigur\u00e1ltuk, hogy csak azokon az eszk\u00f6z\u00f6k\u00f6n \u00e1ll\u00edtsanak be cookie-kat, amelyeket ezeknek a k\u00f6z\u00f6ss\u00e9gi m\u00e9diaplatformoknak a bejelentkezett tagjai haszn\u00e1lnak. P\u00e9ld\u00e1ul hirdethetj\u00fck az \u00e1ltalunk ny\u00fajtott szolg\u00e1ltat\u00e1sokat\u00a0 bizonyos harmadik felek webhelyein, p\u00e9ld\u00e1ul a Facebookon, Instagramon. Ezen harmadik felek webhelyeir\u0151l sz\u00e1rmaz\u00f3 cookie-kat haszn\u00e1lunk saj\u00e1t webhely\u00fcnk\u00f6n, hogy:\u00a0a saj\u00e1t weboldalunkra bejelentkezett l\u00e1togat\u00f3k anonimiz\u00e1lt demogr\u00e1fiai adatait \u00e9s b\u00f6ng\u00e9sz\u00e9si tev\u00e9kenys\u00e9gi adatait szolg\u00e1ltatja sz\u00e1munkra; seg\u00edt nek\u00fcnk abban, hogy a harmadik felek webhelyein megjelen\u0151 hirdet\u00e9seinket a saj\u00e1t webhely\u00fcnk bizonyos oldalain kor\u00e1bban bejelentkezett l\u00e1togat\u00f3khoz igaz\u00edtsuk; \u00e9s<br \/>seg\u00edt m\u00e9rni hirdet\u00e9seink hat\u00e9konys\u00e1g\u00e1t.<br \/>Ezek a cookie-k egy megk\u00fcl\u00f6nb\u00f6ztet\u0151 karaktersorozat haszn\u00e1lat\u00e1val m\u0171k\u00f6dnek, amelyb\u0151l az \u00d6n b\u00f6ng\u00e9sz\u0151je vagy eszk\u00f6ze azonos\u00edthat\u00f3 (\u201eegyedi azonos\u00edt\u00f3\u201d). A k\u00f6z\u00f6ss\u00e9gi m\u00e9dia cookie-k inform\u00e1ci\u00f3kat gy\u0171jthetnek a b\u00f6ng\u00e9sz\u0151 t\u00edpus\u00e1r\u00f3l \u00e9s be\u00e1ll\u00edt\u00e1sair\u00f3l, az eszk\u00f6z t\u00edpus\u00e1r\u00f3l \u00e9s be\u00e1ll\u00edt\u00e1sair\u00f3l, az oper\u00e1ci\u00f3s rendszerr\u0151l \u00e9s a mobilh\u00e1l\u00f3zatr\u00f3l is. Ezeket az inform\u00e1ci\u00f3kat arra haszn\u00e1ljuk, hogy megk\u00fcl\u00f6nb\u00f6ztess\u00fck \u00d6nt webhely\u00fcnk t\u00f6bbi l\u00e1togat\u00f3j\u00e1t\u00f3l, de nem haszn\u00e1lhat\u00f3k fel \u00d6n, mint megnevezett szem\u00e9ly azonos\u00edt\u00e1s\u00e1ra.<\/p>\n<p>Az ilyen t\u00edpus\u00fa s\u00fctiket csak akkor \u00e1ll\u00edtjuk be, ha ehhez hozz\u00e1j\u00e1rul\u00e1s\u00e1t adta az \u201e\u00d6sszes s\u00fcti enged\u00e9lyez\u00e9se\u201d lehet\u0151s\u00e9g kiv\u00e1laszt\u00e1s\u00e1val.<\/p>\n<p>Megb\u00edzhat\u00f3 partnerek seg\u00edtik a Szolg\u00e1ltat\u00f3t hirdet\u00e9sek Honlapon \u00e9s azon k\u00edv\u00fcl t\u00f6rt\u00e9n\u0151 megjelen\u00edt\u00e9s\u00e9ben, \u00e9s analitika szolg\u00e1ltat\u00f3k, mint a Google Analytics, Google Tag manager, Google Ads is cookie-kat helyezhetnek el a Felhaszn\u00e1l\u00f3 eszk\u00f6z\u00e9n.<\/p>\n<p>A felhaszn\u00e1l\u00f3k a Google hirdet\u00e9sek kikapcsol\u00e1s\u00e1ra szolg\u00e1l\u00f3 oldalon tilthatj\u00e1k le a Google cookiek haszn\u00e1lat\u00e1t.<\/p>\n<p>A http:\/\/www.networkadvertising.org\/choices\/ linken lehet\u0151s\u00e9g van egy\u00e9b k\u00fcls\u0151 szolg\u00e1ltat\u00f3k cookiejainak a letilt\u00e1s\u00e1ra is.<\/p>\n<p><strong>A cookie-k ellen\u0151rz\u00e9se, ir\u00e1ny\u00edt\u00e1sa:<\/strong><\/p>\n<p>A legt\u00f6bb b\u00f6ng\u00e9sz\u0151 lehet\u0151v\u00e9 teszi, hogy a Felhaszn\u00e1l\u00f3k kontroll\u00e1lj\u00e1k a be\u00e1ll\u00edt\u00e1sokon kereszt\u00fcl a cookie alkalmaz\u00e1s\u00e1t. Mindazon\u00e1ltal, ha a Felhaszn\u00e1l\u00f3 korl\u00e1tozza a Honlapot a cookie haszn\u00e1lat\u00e1ban, az ronthatja a Felhaszn\u00e1l\u00f3i \u00e9lm\u00e9nyt, mivel az nem ker\u00fcl t\u00f6bb\u00e9 a Felhaszn\u00e1l\u00f3ra szem\u00e9lyre szab\u00e1sra. A Felhaszn\u00e1l\u00f3 ezen k\u00edv\u00fcl le\u00e1ll\u00edthatja a szem\u00e9lyre szabott be\u00e1ll\u00edt\u00e1sok ment\u00e9s\u00e9t is, mint p\u00e9ld\u00e1ul a bejelentkez\u00e9si inform\u00e1ci\u00f3k\u00e9t.<\/p>\n<p>Ha a Felhaszn\u00e1l\u00f3 nem k\u00edv\u00e1nja, hogy a Szolg\u00e1ltat\u00f3 cookie-kat alkalmazzon, amikor megl\u00e1togatja a Honlapot, a Felhaszn\u00e1l\u00f3 a be\u00e1ll\u00edt\u00e1sok men\u00fcpontban megsz\u00fcntetheti egyes cookiek alkalmaz\u00e1s\u00e1t. Annak \u00e9rdek\u00e9ben, hogy a Szolg\u00e1ltat\u00f3 tudom\u00e1st szerezzen arr\u00f3l, hogy a Felhaszn\u00e1l\u00f3 letiltotta egyes cookiek haszn\u00e1lat\u00e1t, a Szolg\u00e1ltat\u00f3 letilt\u00e1si cookiet helyez el a Felhaszn\u00e1l\u00f3 eszk\u00f6z\u00e9n, \u00edgy a Szolg\u00e1ltat\u00f3 tudni fogja, hogy nem helyezhet el cookie-kat akkor, amikor a Felhaszn\u00e1l\u00f3 k\u00f6vetkez\u0151 alkalommal megl\u00e1togatja a Honlapot. Ha a Felhaszn\u00e1l\u00f3 nem k\u00edv\u00e1n cookie-kat kapni, a Felhaszn\u00e1l\u00f3 megv\u00e1ltoztathatja a b\u00f6ng\u00e9sz\u0151 be\u00e1ll\u00edt\u00e1sait a sz\u00e1m\u00edt\u00f3g\u00e9p\u00e9n. Ha a Felhaszn\u00e1l\u00f3 a b\u00f6ng\u00e9sz\u0151 be\u00e1ll\u00edt\u00e1sok megv\u00e1ltoztat\u00e1sa n\u00e9lk\u00fcl haszn\u00e1lja a Honlapot, a Szolg\u00e1ltat\u00f3 \u00fagy tekinti, hogy a Felhaszn\u00e1l\u00f3 a Honlapon b\u00e1rmilyen cookie k\u00fcld\u00e9s\u00e9hez hozz\u00e1j\u00e1rul. A Honlap cookie-k n\u00e9lk\u00fcl nem m\u0171k\u00f6dik megfelel\u0151en.<\/p>\n<p>A cookie-kr\u00f3l val\u00f3 t\u00f6bb inform\u00e1ci\u00f3 szerz\u00e9s\u00e9hez, bele\u00e9rtve a cookie-k fajt\u00e1j\u00e1t, kezel\u00e9s\u00e9t \u00e9s t\u00f6rl\u00e9s\u00e9t, l\u00e1togassa meg a www.allaboutcookies.org, vagy www.aboutcookies.org honlapokat.<\/p>\n<p>A felhaszn\u00e1l\u00f3k a cookiekat az al\u00e1bbi linken is szab\u00e1lyozhatj\u00e1k, enged\u00e9lyezhetik: https:\/\/www.youronlinechoices.eu.<\/p>\n<h4><strong>Adatok megoszt\u00e1sa \u00e9s tov\u00e1bb\u00edt\u00e1sa<\/strong><\/h4>\n<p>Az \u00d6n szem\u00e9lyes adatait csak az al\u00e1bbi esetekben osztjuk meg harmadik felekkel:<\/p>\n<ul>\n<li>Ha erre jogszab\u00e1ly k\u00f6telez benn\u00fcnket.<\/li>\n<li>Szolg\u00e1ltat\u00f3 partnerekkel, akik az adatkezel\u00e9sben seg\u00edtenek minket (pl. t\u00e1rhelyszolg\u00e1ltat\u00f3k, marketing c\u00e9gek).<\/li>\n<li>Az \u00d6n kifejezett hozz\u00e1j\u00e1rul\u00e1sa alapj\u00e1n &#8211; megrendel\u00e9s teljes\u00edt\u00e9s\u00e9hez sz\u00fcks\u00e9ges szolg\u00e1ltat\u00f3 partnerekkel &#8211; pl fut\u00e1rszolg\u00e1lat.<\/li>\n<\/ul>\n<h4><strong>Adatok t\u00e1rol\u00e1sa \u00e9s v\u00e9delme<\/strong><\/h4>\n<p>Az \u00d6n adatait biztons\u00e1gos szervereken t\u00e1roljuk, \u00e9s megfelel\u0151 technikai \u00e9s szervezeti int\u00e9zked\u00e9seket alkalmazunk a v\u00e9delem \u00e9rdek\u00e9ben. Az adatokat csak addig t\u00e1roljuk, am\u00edg sz\u00fcks\u00e9gesek a jelen adatv\u00e9delmi szab\u00e1lyzatban meghat\u00e1rozott c\u00e9lok el\u00e9r\u00e9s\u00e9hez vagy a jogszab\u00e1lyi k\u00f6telezetts\u00e9geink teljes\u00edt\u00e9s\u00e9hez.<\/p>\n<h4><strong>Az \u00d6n jogai<\/strong><\/h4>\n<p>\u00d6nnek joga van:<\/p>\n<ul>\n<li>Hozz\u00e1f\u00e9rni a szem\u00e9lyes adataihoz.<\/li>\n<li>Helyesb\u00edttetni, t\u00f6r\u00f6ltetni vagy korl\u00e1tozni az adatkezel\u00e9st.<\/li>\n<li>Tiltakozni az adatkezel\u00e9s ellen.<\/li>\n<li>Adathordozhat\u00f3s\u00e1got k\u00e9rni.<\/li>\n<li>Panaszt tenni a helyi adatv\u00e9delmi hat\u00f3s\u00e1gn\u00e1l.<\/li>\n<\/ul>\n<h4><strong>Kapcsolatfelv\u00e9tel<\/strong><\/h4>\n<p>Ha b\u00e1rmilyen k\u00e9rd\u00e9se vagy k\u00e9r\u00e9se van az adatkezel\u00e9s\u00fcnkkel kapcsolatban, k\u00e9rj\u00fck, l\u00e9pjen kapcsolatba vel\u00fcnk az al\u00e1bbi el\u00e9rhet\u0151s\u00e9geken:<\/p>\n<ul>\n<li><strong>E-mail:<\/strong> [C\u00e9g e-mail c\u00edme]<\/li>\n<li><strong>Phone number:<\/strong> [C\u00e9g telefonsz\u00e1ma]<\/li>\n<\/ul>\n<h4><strong>Szab\u00e1lyzat m\u00f3dos\u00edt\u00e1sa<\/strong><\/h4>\n<p>Fenntartjuk a jogot, hogy id\u0151r\u0151l id\u0151re m\u00f3dos\u00edtsuk ezt az adatv\u00e9delmi szab\u00e1lyzatot. A v\u00e1ltoz\u00e1sokr\u00f3l \u00e9rtes\u00edt\u00e9st tesz\u00fcnk k\u00f6zz\u00e9 weboldalunkon. Az adatv\u00e9delmi szab\u00e1lyzat m\u00f3dos\u00edt\u00e1sai azonnal hat\u00e1lyba l\u00e9pnek, miut\u00e1n k\u00f6zz\u00e9tett\u00fck \u0151ket a weboldalon.<\/p>\n<h4><strong>Jogorvoslati lehet\u0151s\u00e9gek<\/strong><\/h4>\n<p>A Felhaszn\u00e1l\u00f3 jogainak megs\u00e9rt\u00e9se eset\u00e9n b\u00edr\u00f3s\u00e1ghoz fordulhat. A per elb\u00edr\u00e1l\u00e1sa a t\u00f6rv\u00e9nysz\u00e9k hat\u00e1sk\u00f6r\u00e9be tartozik. A per \u2013 az \u00e9rintett v\u00e1laszt\u00e1sa szerint \u2013 az \u00e9rintett lak\u00f3helye vagy tart\u00f3zkod\u00e1si helye szerinti t\u00f6rv\u00e9nysz\u00e9k el\u0151tt is megind\u00edthat\u00f3. Az Adatkezel\u0151 k\u00e9r\u00e9sre a Felhaszn\u00e1l\u00f3t t\u00e1j\u00e9koztatja a jogorvoslat lehet\u0151s\u00e9g\u00e9r\u0151l \u00e9s eszk\u00f6zeir\u0151l.<\/p>\n<p>Az uni\u00f3s polg\u00e1rok szem\u00e9lyes adatainak EU-n bel\u00fcli \u00e9s EU-n k\u00edv\u00fcli v\u00e9delm\u00e9re vonatkoz\u00f3 szab\u00e1lyokat az al\u00e1bbi linken ismerheti meg: https:\/\/ec.europa.eu\/info\/law\/law-topic\/data-protection_hu<\/p>\t\t\t\t\t\t<\/div>\n\t\t\t\t<\/div>\n\t\t\t\t\t<\/div>\n\t\t\t\t<\/div>\n\t\t\t\t<\/div>","protected":false},"excerpt":{"rendered":"<p>Adatkezel\u00e9si t\u00e1j\u00e9koztat\u00f3 Ez az adatv\u00e9delmi szab\u00e1lyzat meghat\u00e1rozza, hogyan gy\u0171jtj\u00fck, haszn\u00e1ljuk, t\u00e1roljuk \u00e9s v\u00e9dj\u00fck a szem\u00e9lyes adatokat, amelyeket \u00d6n megad sz\u00e1munkra a weboldalunk haszn\u00e1lata sor\u00e1n. Az \u00d6n adatainak v\u00e9delme kiemelten fontos sz\u00e1munkra, \u00e9s biztos\u00edtjuk, hogy azokat csak a jogszab\u00e1lyoknak megfelel\u0151en kezelj\u00fck. Jelen adatv\u00e9delmi t\u00e1j\u00e9koztat\u00f3 k\u00f6zz\u00e9t\u00e9tele \u00fatj\u00e1n tesz\u00fcnk eleget az \u00e9rintettek szem\u00e9lyes adatok kezel\u00e9s\u00e9re vonatkoz\u00f3, a AZ &#8230; <a title=\"Privacy Policy\" class=\"read-more\" href=\"https:\/\/black-artist.com\/en\/adatkezelesi-tajekoztato\/\" aria-label=\"Read more about Adatkezel\u00e9si t\u00e1j\u00e9koztat\u00f3\">Read more<\/a><\/p>","protected":false},"author":1,"featured_media":0,"parent":0,"menu_order":0,"comment_status":"closed","ping_status":"open","template":"","meta":{"_seopress_robots_primary_cat":"","_seopress_titles_title":"","_seopress_titles_desc":"","_seopress_robots_index":"","footnotes":""},"class_list":["post-3","page","type-page","status-publish"],"_links":{"self":[{"href":"https:\/\/black-artist.com\/en\/wp-json\/wp\/v2\/pages\/3","targetHints":{"allow":["GET"]}}],"collection":[{"href":"https:\/\/black-artist.com\/en\/wp-json\/wp\/v2\/pages"}],"about":[{"href":"https:\/\/black-artist.com\/en\/wp-json\/wp\/v2\/types\/page"}],"author":[{"embeddable":true,"href":"https:\/\/black-artist.com\/en\/wp-json\/wp\/v2\/users\/1"}],"replies":[{"embeddable":true,"href":"https:\/\/black-artist.com\/en\/wp-json\/wp\/v2\/comments?post=3"}],"version-history":[{"count":9,"href":"https:\/\/black-artist.com\/en\/wp-json\/wp\/v2\/pages\/3\/revisions"}],"predecessor-version":[{"id":321,"href":"https:\/\/black-artist.com\/en\/wp-json\/wp\/v2\/pages\/3\/revisions\/321"}],"wp:attachment":[{"href":"https:\/\/black-artist.com\/en\/wp-json\/wp\/v2\/media?parent=3"}],"curies":[{"name":"wp","href":"https:\/\/api.w.org\/{rel}","templated":true}]}}