{"id":77,"date":"2024-08-20T15:58:17","date_gmt":"2024-08-20T13:58:17","guid":{"rendered":"https:\/\/black-artist.com\/?page_id=77"},"modified":"2024-11-20T10:07:15","modified_gmt":"2024-11-20T09:07:15","slug":"home","status":"publish","type":"page","link":"https:\/\/black-artist.com\/de\/","title":{"rendered":"home"},"content":{"rendered":"<div data-elementor-type=\"wp-page\" data-elementor-id=\"77\" class=\"elementor elementor-77\" data-elementor-post-type=\"page\">\n\t\t\t\t<div class=\"elementor-element elementor-element-1b8c0d42 e-con-full e-flex e-con e-parent\" data-id=\"1b8c0d42\" data-element_type=\"container\" data-settings=\"{&quot;background_background&quot;:&quot;video&quot;,&quot;background_video_link&quot;:&quot;https:\\\/\\\/black-artist.com\\\/wp-content\\\/uploads\\\/2024\\\/08\\\/fire.mp4&quot;,&quot;background_video_start&quot;:0,&quot;background_video_end&quot;:0,&quot;background_play_on_mobile&quot;:&quot;yes&quot;}\">\n\t\t<div class=\"elementor-background-video-container\">\n\t\t\t\t\t\t\t<video class=\"elementor-background-video-hosted elementor-html5-video\" autoplay muted playsinline loop><\/video>\n\t\t\t\t\t<\/div>\t\t<div class=\"elementor-element elementor-element-de6f242 elementor-widget elementor-widget-heading\" data-id=\"de6f242\" data-element_type=\"widget\" data-widget_type=\"heading.default\">\n\t\t\t\t<div class=\"elementor-widget-container\">\n\t\t\t<style>\/*! elementor - v3.23.0 - 05-08-2024 *\/\n.elementor-heading-title{padding:0;margin:0;line-height:1}.elementor-widget-heading .elementor-heading-title[class*=elementor-size-]>a{color:inherit;font-size:inherit;line-height:inherit}.elementor-widget-heading .elementor-heading-title.elementor-size-small{font-size:15px}.elementor-widget-heading .elementor-heading-title.elementor-size-medium{font-size:19px}.elementor-widget-heading .elementor-heading-title.elementor-size-large{font-size:29px}.elementor-widget-heading .elementor-heading-title.elementor-size-xl{font-size:39px}.elementor-widget-heading .elementor-heading-title.elementor-size-xxl{font-size:59px}<\/style><h2 class=\"elementor-heading-title elementor-size-default\">black-artist.com<\/h2>\t\t<\/div>\n\t\t\t\t<\/div>\n\t\t\t\t<div class=\"elementor-element elementor-element-4be9cdab elementor-widget__width-initial elementor-widget-mobile__width-inherit elementor-widget elementor-widget-text-editor\" data-id=\"4be9cdab\" data-element_type=\"widget\" data-widget_type=\"text-editor.default\">\n\t\t\t\t<div class=\"elementor-widget-container\">\n\t\t\t<style>\/*! elementor - v3.23.0 - 05-08-2024 *\/\n.elementor-widget-text-editor.elementor-drop-cap-view-stacked .elementor-drop-cap{background-color:#69727d;color:#fff}.elementor-widget-text-editor.elementor-drop-cap-view-framed .elementor-drop-cap{color:#69727d;border:3px solid;background-color:transparent}.elementor-widget-text-editor:not(.elementor-drop-cap-view-default) .elementor-drop-cap{margin-top:8px}.elementor-widget-text-editor:not(.elementor-drop-cap-view-default) .elementor-drop-cap-letter{width:1em;height:1em}.elementor-widget-text-editor .elementor-drop-cap{float:left;text-align:center;line-height:1;font-size:50px}.elementor-widget-text-editor .elementor-drop-cap-letter{display:inline-block}<\/style>\t\t\t\t<p>Ich forme die Materie, die Materie formt mich. Die Arbeit meiner H\u00e4nde bleibt ein Leben lang in den H\u00e4usern, meine Fu\u00dfabdr\u00fccke bewahren die Kunst f\u00fcr lange Zeit.<\/p>\t\t\t\t\t\t<\/div>\n\t\t\t\t<\/div>\n\t\t\t\t<div class=\"elementor-element elementor-element-9f9de2b elementor-mobile-align-center elementor-widget elementor-widget-button\" data-id=\"9f9de2b\" data-element_type=\"widget\" data-widget_type=\"button.default\">\n\t\t\t\t<div class=\"elementor-widget-container\">\n\t\t\t\t\t<div class=\"elementor-button-wrapper\">\n\t\t\t<a class=\"elementor-button elementor-button-link elementor-size-sm\" href=\"#\">\n\t\t\t\t\t\t<span class=\"elementor-button-content-wrapper\">\n\t\t\t\t\t\t\t\t\t<span class=\"elementor-button-text\">Produkte<\/span>\n\t\t\t\t\t<\/span>\n\t\t\t\t\t<\/a>\n\t\t<\/div>\n\t\t\t\t<\/div>\n\t\t\t\t<\/div>\n\t\t\t\t<\/div>\n\t\t<div class=\"elementor-element elementor-element-6294ce17 e-con-full e-flex e-con e-parent\" data-id=\"6294ce17\" data-element_type=\"container\" data-settings=\"{&quot;background_background&quot;:&quot;classic&quot;}\">\n\t\t<div class=\"elementor-element elementor-element-74ce39ff e-con-full e-flex e-con e-child\" data-id=\"74ce39ff\" data-element_type=\"container\">\n\t\t<div class=\"elementor-element elementor-element-5c2b46da e-con-full e-flex elementor-invisible e-con e-child\" data-id=\"5c2b46da\" data-element_type=\"container\" data-settings=\"{&quot;animation&quot;:&quot;fadeInLeft&quot;}\">\n\t\t\t\t<div class=\"elementor-element elementor-element-48e4f09 elementor-widget elementor-widget-image\" data-id=\"48e4f09\" data-element_type=\"widget\" data-widget_type=\"image.default\">\n\t\t\t\t<div class=\"elementor-widget-container\">\n\t\t\t\t\t\t\t\t\t\t\t\t\t<img fetchpriority=\"high\" decoding=\"async\" width=\"1200\" height=\"800\" src=\"https:\/\/black-artist.com\/wp-content\/uploads\/2024\/08\/muhely.jpg\" class=\"attachment-full size-full wp-image-98\" alt=\"Kov\u00e1csm\u0171hely - Blackartist - egyedi kov\u00e1csoltvas term\u00e9kek\" srcset=\"https:\/\/black-artist.com\/wp-content\/uploads\/2024\/08\/muhely.jpg 1200w, https:\/\/black-artist.com\/wp-content\/uploads\/2024\/08\/muhely-300x200.jpg 300w, https:\/\/black-artist.com\/wp-content\/uploads\/2024\/08\/muhely-1024x683.jpg 1024w, https:\/\/black-artist.com\/wp-content\/uploads\/2024\/08\/muhely-768x512.jpg 768w, https:\/\/black-artist.com\/wp-content\/uploads\/2024\/08\/muhely-600x400.jpg 600w\" sizes=\"(max-width: 1200px) 100vw, 1200px\" \/>\t\t\t\t\t\t\t\t\t\t\t\t\t<\/div>\n\t\t\t\t<\/div>\n\t\t\t\t<div class=\"elementor-element elementor-element-d7115d1 elementor-vertical-align-top elementor-invisible elementor-widget elementor-widget-image-box\" data-id=\"d7115d1\" data-element_type=\"widget\" data-settings=\"{&quot;_animation&quot;:&quot;fadeInDown&quot;}\" data-widget_type=\"image-box.default\">\n\t\t\t\t<div class=\"elementor-widget-container\">\n\t\t\t<style>\/*! elementor - v3.23.0 - 05-08-2024 *\/\n.elementor-widget-image-box .elementor-image-box-content{width:100%}@media (min-width:768px){.elementor-widget-image-box.elementor-position-left .elementor-image-box-wrapper,.elementor-widget-image-box.elementor-position-right .elementor-image-box-wrapper{display:flex}.elementor-widget-image-box.elementor-position-right .elementor-image-box-wrapper{text-align:end;flex-direction:row-reverse}.elementor-widget-image-box.elementor-position-left .elementor-image-box-wrapper{text-align:start;flex-direction:row}.elementor-widget-image-box.elementor-position-top .elementor-image-box-img{margin:auto}.elementor-widget-image-box.elementor-vertical-align-top .elementor-image-box-wrapper{align-items:flex-start}.elementor-widget-image-box.elementor-vertical-align-middle .elementor-image-box-wrapper{align-items:center}.elementor-widget-image-box.elementor-vertical-align-bottom .elementor-image-box-wrapper{align-items:flex-end}}@media (max-width:767px){.elementor-widget-image-box .elementor-image-box-img{margin-left:auto!important;margin-right:auto!important;margin-bottom:15px}}.elementor-widget-image-box .elementor-image-box-img{display:inline-block}.elementor-widget-image-box .elementor-image-box-title a{color:inherit}.elementor-widget-image-box .elementor-image-box-wrapper{text-align:center}.elementor-widget-image-box .elementor-image-box-description{margin:0}<\/style><div class=\"elementor-image-box-wrapper\"><div class=\"elementor-image-box-content\"><h4 class=\"elementor-image-box-title\">Werkstatt<\/h4><p class=\"elementor-image-box-description\">Ich schaffe nach den Traditionen der alten Schmiedekunst. Meine Werkstatt erinnert an die Traditionen des Handwerks, ist aber mit allem ausgestattet, um aus meinen H\u00e4nden professionelle Bauwerke herzustellen.<\/p><\/div><\/div>\t\t<\/div>\n\t\t\t\t<\/div>\n\t\t\t\t<\/div>\n\t\t<div class=\"elementor-element elementor-element-31ee8a5f e-con-full e-flex elementor-invisible e-con e-child\" data-id=\"31ee8a5f\" data-element_type=\"container\" data-settings=\"{&quot;animation&quot;:&quot;fadeInDown&quot;}\">\n\t\t\t\t<div class=\"elementor-element elementor-element-4bb8b7c6 elementor-widget elementor-widget-image\" data-id=\"4bb8b7c6\" data-element_type=\"widget\" data-widget_type=\"image.default\">\n\t\t\t\t<div class=\"elementor-widget-container\">\n\t\t\t\t\t\t\t\t\t\t\t\t\t<img decoding=\"async\" width=\"1200\" height=\"800\" src=\"https:\/\/black-artist.com\/wp-content\/uploads\/2024\/08\/munkaim.jpg\" class=\"attachment-full size-full wp-image-96\" alt=\"Kov\u00e1csm\u0171hely - Blackartist - egyedi kov\u00e1csoltvas term\u00e9kek\" srcset=\"https:\/\/black-artist.com\/wp-content\/uploads\/2024\/08\/munkaim.jpg 1200w, https:\/\/black-artist.com\/wp-content\/uploads\/2024\/08\/munkaim-300x200.jpg 300w, https:\/\/black-artist.com\/wp-content\/uploads\/2024\/08\/munkaim-1024x683.jpg 1024w, https:\/\/black-artist.com\/wp-content\/uploads\/2024\/08\/munkaim-768x512.jpg 768w, https:\/\/black-artist.com\/wp-content\/uploads\/2024\/08\/munkaim-600x400.jpg 600w\" sizes=\"(max-width: 1200px) 100vw, 1200px\" \/>\t\t\t\t\t\t\t\t\t\t\t\t\t<\/div>\n\t\t\t\t<\/div>\n\t\t\t\t<div class=\"elementor-element elementor-element-6aeb52d elementor-vertical-align-top elementor-invisible elementor-widget elementor-widget-image-box\" data-id=\"6aeb52d\" data-element_type=\"widget\" data-settings=\"{&quot;_animation&quot;:&quot;fadeInDown&quot;}\" data-widget_type=\"image-box.default\">\n\t\t\t\t<div class=\"elementor-widget-container\">\n\t\t\t<div class=\"elementor-image-box-wrapper\"><div class=\"elementor-image-box-content\"><h4 class=\"elementor-image-box-title\">Meine Handwerke<\/h4><p class=\"elementor-image-box-description\">Meine Kreationen schaffen nicht nur Mehrwert, sondern k\u00f6nnen Ihnen auch eine Idee geben, sich ein neues einzigartiges Objekt auszudenken und es zu verwirklichen<\/p><\/div><\/div>\t\t<\/div>\n\t\t\t\t<\/div>\n\t\t\t\t<\/div>\n\t\t<div class=\"elementor-element elementor-element-8a6f100 e-con-full e-flex elementor-invisible e-con e-child\" data-id=\"8a6f100\" data-element_type=\"container\" data-settings=\"{&quot;animation&quot;:&quot;fadeInRight&quot;}\">\n\t\t\t\t<div class=\"elementor-element elementor-element-7f965caa elementor-widget elementor-widget-image\" data-id=\"7f965caa\" data-element_type=\"widget\" data-widget_type=\"image.default\">\n\t\t\t\t<div class=\"elementor-widget-container\">\n\t\t\t\t\t\t\t\t\t\t\t\t\t<img decoding=\"async\" width=\"1200\" height=\"800\" src=\"https:\/\/black-artist.com\/wp-content\/uploads\/2024\/08\/fire.jpg\" class=\"attachment-full size-full wp-image-99\" alt=\"Kov\u00e1csm\u0171hely - Blackartist - egyedi kov\u00e1csoltvas term\u00e9kek\" srcset=\"https:\/\/black-artist.com\/wp-content\/uploads\/2024\/08\/fire.jpg 1200w, https:\/\/black-artist.com\/wp-content\/uploads\/2024\/08\/fire-300x200.jpg 300w, https:\/\/black-artist.com\/wp-content\/uploads\/2024\/08\/fire-1024x683.jpg 1024w, https:\/\/black-artist.com\/wp-content\/uploads\/2024\/08\/fire-768x512.jpg 768w, https:\/\/black-artist.com\/wp-content\/uploads\/2024\/08\/fire-600x400.jpg 600w\" sizes=\"(max-width: 1200px) 100vw, 1200px\" \/>\t\t\t\t\t\t\t\t\t\t\t\t\t<\/div>\n\t\t\t\t<\/div>\n\t\t\t\t<div class=\"elementor-element elementor-element-684de755 elementor-vertical-align-top elementor-invisible elementor-widget elementor-widget-image-box\" data-id=\"684de755\" data-element_type=\"widget\" data-settings=\"{&quot;_animation&quot;:&quot;fadeInDown&quot;}\" data-widget_type=\"image-box.default\">\n\t\t\t\t<div class=\"elementor-widget-container\">\n\t\t\t<div class=\"elementor-image-box-wrapper\"><div class=\"elementor-image-box-content\"><h4 class=\"elementor-image-box-title\">Produkte<\/h4><p class=\"elementor-image-box-description\">Bestellbare Artikel, einzigartige Schmiedeeisenprodukte, Briefk\u00e4sten, T\u00fcrklopfer, M\u00f6bel, Kerzenhalter und vieles mehr<\/p><\/div><\/div>\t\t<\/div>\n\t\t\t\t<\/div>\n\t\t\t\t<\/div>\n\t\t\t\t<\/div>\n\t\t\t\t<\/div>\n\t\t<div class=\"elementor-element elementor-element-1b5b46f7 e-con-full e-flex elementor-invisible e-con e-parent\" data-id=\"1b5b46f7\" data-element_type=\"container\" data-settings=\"{&quot;background_background&quot;:&quot;slideshow&quot;,&quot;background_slideshow_gallery&quot;:[{&quot;id&quot;:367,&quot;url&quot;:&quot;https:\\\/\\\/black-artist.com\\\/wp-content\\\/uploads\\\/2024\\\/11\\\/Kepernyokep-2024-11-14-141708.png&quot;},{&quot;id&quot;:108,&quot;url&quot;:&quot;https:\\\/\\\/black-artist.com\\\/wp-content\\\/uploads\\\/2024\\\/08\\\/varkapuval21.png&quot;},{&quot;id&quot;:107,&quot;url&quot;:&quot;https:\\\/\\\/black-artist.com\\\/wp-content\\\/uploads\\\/2024\\\/08\\\/varkapuval1.png&quot;},{&quot;id&quot;:109,&quot;url&quot;:&quot;https:\\\/\\\/black-artist.com\\\/wp-content\\\/uploads\\\/2024\\\/08\\\/varkapuval31.png&quot;}],&quot;background_slideshow_slide_duration&quot;:3000,&quot;background_slideshow_transition_duration&quot;:1000,&quot;animation&quot;:&quot;zoomInUp&quot;,&quot;background_slideshow_loop&quot;:&quot;yes&quot;,&quot;background_slideshow_slide_transition&quot;:&quot;fade&quot;}\">\n\t\t\t\t<div class=\"elementor-element elementor-element-497f64a7 elementor-widget elementor-widget-heading\" data-id=\"497f64a7\" data-element_type=\"widget\" data-widget_type=\"heading.default\">\n\t\t\t\t<div class=\"elementor-widget-container\">\n\t\t\t<h1 class=\"elementor-heading-title elementor-size-default\">Einzigartige Schmiedewerke<\/h1>\t\t<\/div>\n\t\t\t\t<\/div>\n\t\t\t\t<div class=\"elementor-element elementor-element-21098900 elementor-widget__width-initial elementor-widget-mobile__width-inherit elementor-widget elementor-widget-text-editor\" data-id=\"21098900\" data-element_type=\"widget\" data-widget_type=\"text-editor.default\">\n\t\t\t\t<div class=\"elementor-widget-container\">\n\t\t\t\t\t\t\t<p>Es gibt keine Schmiedehandwerk, die gleich sind. Das fertige Produkt spiegelt die Pers\u00f6nlichkeit sowohl des Schmiedemeisters als auch des Kunden wider.\u00a0<\/p>\t\t\t\t\t\t<\/div>\n\t\t\t\t<\/div>\n\t\t\t\t<div class=\"elementor-element elementor-element-70880f3e elementor-mobile-align-center elementor-widget elementor-widget-button\" data-id=\"70880f3e\" data-element_type=\"widget\" data-widget_type=\"button.default\">\n\t\t\t\t<div class=\"elementor-widget-container\">\n\t\t\t\t\t<div class=\"elementor-button-wrapper\">\n\t\t\t<a class=\"elementor-button elementor-button-link elementor-size-sm\" href=\"#\">\n\t\t\t\t\t\t<span class=\"elementor-button-content-wrapper\">\n\t\t\t\t\t\t\t\t\t<span class=\"elementor-button-text\">Kontakt<\/span>\n\t\t\t\t\t<\/span>\n\t\t\t\t\t<\/a>\n\t\t<\/div>\n\t\t\t\t<\/div>\n\t\t\t\t<\/div>\n\t\t\t\t<\/div>\n\t\t<div class=\"elementor-element elementor-element-333f02b e-flex e-con-boxed e-con e-parent\" data-id=\"333f02b\" data-element_type=\"container\">\n\t\t\t\t\t<div class=\"e-con-inner\">\n\t\t<div class=\"elementor-element elementor-element-198f44b e-con-full e-flex elementor-invisible e-con e-child\" data-id=\"198f44b\" data-element_type=\"container\" data-settings=\"{&quot;animation&quot;:&quot;fadeInLeft&quot;}\">\n\t\t\t\t<div class=\"elementor-element elementor-element-34eef97 elementor-widget elementor-widget-heading\" data-id=\"34eef97\" data-element_type=\"widget\" data-widget_type=\"heading.default\">\n\t\t\t\t<div class=\"elementor-widget-container\">\n\t\t\t<h2 class=\"elementor-heading-title elementor-size-default\">Die Geschichte und Bedeutung der Schmiedekunst\n\n<\/h2>\t\t<\/div>\n\t\t\t\t<\/div>\n\t\t\t\t<div class=\"elementor-element elementor-element-99f875b elementor-widget elementor-widget-text-editor\" data-id=\"99f875b\" data-element_type=\"widget\" data-widget_type=\"text-editor.default\">\n\t\t\t\t<div class=\"elementor-widget-container\">\n\t\t\t\t\t\t\t<p>Schmiedekunst ist einer der \u00e4ltesten und gesch\u00e4tzte Berufe der Menschheitsgeschichte und seit \u00fcber 5.000 Jahren in Kulturen auf der ganzen Welt pr\u00e4sent. Schmiede sind die Meister, die rohes Eisen und Stahl in n\u00fctzliche und k\u00fcnstlerische Objekte, unverzichtbare Werkzeuge f\u00fcr den Alltag oder sogar atemberaubende Dekorationsobjekte verwandeln k\u00f6nnen. Schmiedekunst ist nicht nur ein Beruf, sondern auch eine Kunstform, die Kraft, Pr\u00e4zision und Kreativit\u00e4t vereint.<\/p>\t\t\t\t\t\t<\/div>\n\t\t\t\t<\/div>\n\t\t\t\t<\/div>\n\t\t<div class=\"elementor-element elementor-element-aaeaa60 e-con-full e-flex elementor-invisible e-con e-child\" data-id=\"aaeaa60\" data-element_type=\"container\" data-settings=\"{&quot;animation&quot;:&quot;fadeInRight&quot;}\">\n\t\t\t\t<div class=\"elementor-element elementor-element-0ba218a elementor-widget elementor-widget-text-editor\" data-id=\"0ba218a\" data-element_type=\"widget\" data-widget_type=\"text-editor.default\">\n\t\t\t\t<div class=\"elementor-widget-container\">\n\t\t\t\t\t\t\t<p>Die Geschichte der Schmiedekunst ist eng mit der Werdegang der Menschheit verbunden. Die ersten Schmiede tauchten vermutlich bereits in pr\u00e4historischer Zeit auf, in der Bronzezeit, als die Menschen entdeckten, wie man Metalle schmilzt und formt. Allerdings verbreitete sich die Eisenbearbeitung, die den Kern der Schmiedekunst darstellt, in der Eisenzeit, etwa 1200 Jahre vor Christus.<\/p><p>Im Mittelalter spielten Schmiede eine zentrale Rolle im Leben der Gemeinschaften, da sie Waffen, landwirtschaftliche Werkzeuge und Alltagsgegenst\u00e4nde herstellten. Schmiedewerkst\u00e4tten in D\u00f6rfern und St\u00e4dten waren oft auch Treffpunkte, an denen Gemeindemitglieder Neuigkeiten und Ereignisse aus dem Leben miteinander austauschten.<\/p>\t\t\t\t\t\t<\/div>\n\t\t\t\t<\/div>\n\t\t\t\t<\/div>\n\t\t\t\t\t<\/div>\n\t\t\t\t<\/div>\n\t\t<div class=\"elementor-element elementor-element-0f11e48 e-flex e-con-boxed elementor-invisible e-con e-parent\" data-id=\"0f11e48\" data-element_type=\"container\" data-settings=\"{&quot;animation&quot;:&quot;fadeIn&quot;}\">\n\t\t\t\t\t<div class=\"e-con-inner\">\n\t\t\t\t<div class=\"elementor-element elementor-element-14302ca elementor-widget elementor-widget-image\" data-id=\"14302ca\" data-element_type=\"widget\" data-widget_type=\"image.default\">\n\t\t\t\t<div class=\"elementor-widget-container\">\n\t\t\t\t\t\t\t\t\t\t\t\t\t<img loading=\"lazy\" decoding=\"async\" width=\"1024\" height=\"365\" src=\"https:\/\/black-artist.com\/wp-content\/uploads\/2024\/08\/tervez-1024x365.jpg\" class=\"attachment-large size-large wp-image-184\" alt=\"Kov\u00e1csm\u0171hely - Blackartist - egyedi kov\u00e1csoltvas term\u00e9kek\" srcset=\"https:\/\/black-artist.com\/wp-content\/uploads\/2024\/08\/tervez-1024x365.jpg 1024w, https:\/\/black-artist.com\/wp-content\/uploads\/2024\/08\/tervez-300x107.jpg 300w, https:\/\/black-artist.com\/wp-content\/uploads\/2024\/08\/tervez-768x274.jpg 768w, https:\/\/black-artist.com\/wp-content\/uploads\/2024\/08\/tervez-600x214.jpg 600w, https:\/\/black-artist.com\/wp-content\/uploads\/2024\/08\/tervez.jpg 1400w\" sizes=\"(max-width: 1024px) 100vw, 1024px\" \/>\t\t\t\t\t\t\t\t\t\t\t\t\t<\/div>\n\t\t\t\t<\/div>\n\t\t\t\t\t<\/div>\n\t\t\t\t<\/div>\n\t\t<div class=\"elementor-element elementor-element-b9d1008 e-flex e-con-boxed e-con e-parent\" data-id=\"b9d1008\" data-element_type=\"container\">\n\t\t\t\t\t<div class=\"e-con-inner\">\n\t\t<div class=\"elementor-element elementor-element-90f4114 e-con-full e-flex elementor-invisible e-con e-child\" data-id=\"90f4114\" data-element_type=\"container\" data-settings=\"{&quot;animation&quot;:&quot;fadeInLeft&quot;}\">\n\t\t\t\t<div class=\"elementor-element elementor-element-2821ca6 elementor-widget elementor-widget-heading\" data-id=\"2821ca6\" data-element_type=\"widget\" data-widget_type=\"heading.default\">\n\t\t\t\t<div class=\"elementor-widget-container\">\n\t\t\t<h2 class=\"elementor-heading-title elementor-size-default\">Moderne Schmiedekunst und historische Geb\u00e4ude\n<\/h2>\t\t<\/div>\n\t\t\t\t<\/div>\n\t\t\t\t<div class=\"elementor-element elementor-element-41a2ddf elementor-widget elementor-widget-text-editor\" data-id=\"41a2ddf\" data-element_type=\"widget\" data-widget_type=\"text-editor.default\">\n\t\t\t\t<div class=\"elementor-widget-container\">\n\t\t\t\t\t\t\t<p>In der modernen Welt bleibt die Schmiedekunst ein hochgesch\u00e4tzter Beruf, insbesondere f\u00fcr diejenigen, die sich mit der Restaurierung historischer Geb\u00e4ude und Burgen befassen. \u00d6sterreich, das Land der historischen Burgen und Schl\u00f6sser, erfordert besondere Aufmerksamkeit, wenn es darum geht, die urspr\u00fcngliche Atmosph\u00e4re solcher Geb\u00e4ude zu bewahren. Schmiedeeiserne Tore, Gitter, Gel\u00e4nder sowie schmiedeeiserne Elemente im Innenraum, wie Lampen, Wandarme und Ornamente, tragen zum authentischen Aussehen und zur historischen Authentizit\u00e4t bei.<\/p><p>\u00a0<\/p><p>Ich selbst arbeite daran, die historischen Sch\u00e4tze, Burgen und Schl\u00f6sser \u00d6sterreichs und der umliegenden L\u00e4nder wiederzubeleben. Meine einzigartigen, handgefertigten Schmiedeeisenarbeiten geben den Geb\u00e4uden nicht nur den alten Glanz zur\u00fcck, sondern heben auch ihren \u00e4sthetischen Wert auf ein neues Niveau. Jedes St\u00fcck, das aus meiner Werkstatt entsteht, spiegelt den Respekt vor historischen Traditionen und die Verpflichtung zur Innovation wider.<\/p>\t\t\t\t\t\t<\/div>\n\t\t\t\t<\/div>\n\t\t\t\t<\/div>\n\t\t<div class=\"elementor-element elementor-element-1f62422 e-con-full e-flex elementor-invisible e-con e-child\" data-id=\"1f62422\" data-element_type=\"container\" data-settings=\"{&quot;animation&quot;:&quot;fadeInRight&quot;}\">\n\t\t\t\t<div class=\"elementor-element elementor-element-14aacee elementor-widget elementor-widget-heading\" data-id=\"14aacee\" data-element_type=\"widget\" data-widget_type=\"heading.default\">\n\t\t\t\t<div class=\"elementor-widget-container\">\n\t\t\t<h2 class=\"elementor-heading-title elementor-size-default\">Die Bedeutung der Schmiedekunst bei der Renovierung von Schl\u00f6ssern und Burgen\n<\/h2>\t\t<\/div>\n\t\t\t\t<\/div>\n\t\t\t\t<div class=\"elementor-element elementor-element-151f903 elementor-widget elementor-widget-text-editor\" data-id=\"151f903\" data-element_type=\"widget\" data-widget_type=\"text-editor.default\">\n\t\t\t\t<div class=\"elementor-widget-container\">\n\t\t\t\t\t\t\t<p>Burgen und Schl\u00f6sser stellen Restauratoren und Besitzer vor besondere Herausforderungen, da diese Bauwerke \u00fcber Jahrhunderte hinweg Bestand hatten und Zeuge zahlreicher historischer Ereignisse waren. Bei der Arbeit in solchen Geb\u00e4uden sind Liebe zum Detail, Respekt vor Traditionen und der Einsatz moderner Techniken unerl\u00e4sslich. Meisterwerke aus Schmiedeeisen tragen dazu bei, diese historischen Werte zu bewahren und wiederzubeleben und sicherzustellen, dass k\u00fcnftige Generationen das Erbe der Vergangenheit genie\u00dfen k\u00f6nnen.<\/p>\t\t\t\t\t\t<\/div>\n\t\t\t\t<\/div>\n\t\t\t\t<div class=\"elementor-element elementor-element-9c258c8 elementor-widget elementor-widget-image\" data-id=\"9c258c8\" data-element_type=\"widget\" data-widget_type=\"image.default\">\n\t\t\t\t<div class=\"elementor-widget-container\">\n\t\t\t\t\t\t\t\t\t\t\t\t\t<img loading=\"lazy\" decoding=\"async\" width=\"600\" height=\"200\" src=\"https:\/\/black-artist.com\/wp-content\/uploads\/2024\/08\/muhelymunka1.jpg\" class=\"attachment-large size-large wp-image-181\" alt=\"Kov\u00e1csm\u0171hely - Blackartist - egyedi kov\u00e1csoltvas term\u00e9kek\" srcset=\"https:\/\/black-artist.com\/wp-content\/uploads\/2024\/08\/muhelymunka1.jpg 600w, https:\/\/black-artist.com\/wp-content\/uploads\/2024\/08\/muhelymunka1-300x100.jpg 300w\" sizes=\"(max-width: 600px) 100vw, 600px\" \/>\t\t\t\t\t\t\t\t\t\t\t\t\t<\/div>\n\t\t\t\t<\/div>\n\t\t\t\t<\/div>\n\t\t\t\t\t<\/div>\n\t\t\t\t<\/div>\n\t\t\t\t<\/div>","protected":false},"excerpt":{"rendered":"<p>black-artist.com A t\u00e1rgyat \u00e9n form\u00e1lom, a t\u00e1rgy engem. A kezem munk\u00e1ja ott marad egy \u00e9leten \u00e1t az otthonokban, l\u00e1bnyomom hossz\u00fa ideig \u0151rzi a m\u0171v\u00e9szetet. term\u00e9kek M\u0171hely az \u0151si kov\u00e1csmesters\u00e9g hagyom\u00e1nyait k\u00f6vetve alkotok. M\u0171helyem felid\u00e9zi a mesters\u00e9g hagyom\u00e1nyait, de mindennel felszerelt, ahhoz hogy professzion\u00e1lis munl\u00e1kat adjak ki a kezemb\u0151l. Munk\u00e1im Alkot\u00e1saim nem csak \u00e9rt\u00e9ket teremtenek, de &#8230; <a title=\"home\" class=\"read-more\" href=\"https:\/\/black-artist.com\/de\/\" aria-label=\"Read more about home\">Read more<\/a><\/p>","protected":false},"author":1,"featured_media":242,"parent":0,"menu_order":0,"comment_status":"closed","ping_status":"closed","template":"elementor_header_footer","meta":{"_seopress_robots_primary_cat":"","_seopress_titles_title":"Kov\u00e1csm\u0171hely - egyedi kov\u00e1csoltvas term\u00e9kek","_seopress_titles_desc":"Egyedi, k\u00e9zzel k\u00e9sz\u00edtett kov\u00e1csoltvas munk\u00e1k - Black-artist kov\u00e1csmester - kov\u00e1csm\u0171hely - egyedi munk\u00e1k","_seopress_robots_index":"","footnotes":""},"class_list":["post-77","page","type-page","status-publish","has-post-thumbnail"],"_links":{"self":[{"href":"https:\/\/black-artist.com\/de\/wp-json\/wp\/v2\/pages\/77","targetHints":{"allow":["GET"]}}],"collection":[{"href":"https:\/\/black-artist.com\/de\/wp-json\/wp\/v2\/pages"}],"about":[{"href":"https:\/\/black-artist.com\/de\/wp-json\/wp\/v2\/types\/page"}],"author":[{"embeddable":true,"href":"https:\/\/black-artist.com\/de\/wp-json\/wp\/v2\/users\/1"}],"replies":[{"embeddable":true,"href":"https:\/\/black-artist.com\/de\/wp-json\/wp\/v2\/comments?post=77"}],"version-history":[{"count":87,"href":"https:\/\/black-artist.com\/de\/wp-json\/wp\/v2\/pages\/77\/revisions"}],"predecessor-version":[{"id":371,"href":"https:\/\/black-artist.com\/de\/wp-json\/wp\/v2\/pages\/77\/revisions\/371"}],"wp:featuredmedia":[{"embeddable":true,"href":"https:\/\/black-artist.com\/de\/wp-json\/wp\/v2\/media\/242"}],"wp:attachment":[{"href":"https:\/\/black-artist.com\/de\/wp-json\/wp\/v2\/media?parent=77"}],"curies":[{"name":"wp","href":"https:\/\/api.w.org\/{rel}","templated":true}]}}